{"id":111,"date":"2024-08-10T21:00:24","date_gmt":"2024-08-10T19:00:24","guid":{"rendered":"https:\/\/sites.pocexpress.eu\/swingisthething\/?page_id=111"},"modified":"2024-09-07T02:57:36","modified_gmt":"2024-09-07T00:57:36","slug":"lindy-hop","status":"publish","type":"page","link":"https:\/\/sites.pocexpress.eu\/swingisthething\/danses-swing\/lindy-hop\/","title":{"rendered":"Lindy hop"},"content":{"rendered":"\n<p>Le <strong>Lindy Hop<\/strong> est la danse swing en couple par excellence de l\u2019\u00e8re swing. C\u2019est une danse populaire n\u00e9e dans le contexte de la \u00ab&nbsp;Harlem Renaissance&nbsp;\u00bb, mouvement de renouveau intellectuel et culturel au sein de la diaspora noire. Parmi les pionniers <a href=\"https:\/\/www.frankiemanningfoundation.org\/frankie-manning-bio\" target=\"_blank\" rel=\"noreferrer noopener\">Frankie Manning<\/a> a \u00e9t\u00e9 une figure incontournable gr\u00e2ce \u00e0 qui le lindy hop est aujourd\u2019hui pratiqu\u00e9 dans le monde entier. Avec la troupe des <a href=\"https:\/\/www.frankiemanningfoundation.org\/whitey-s-lindy-hoppers\" target=\"_blank\" rel=\"noreferrer noopener\">Whitey\u2019s Lindy Hoppers<\/a> il a contribu\u00e9 \u00e0 offrir les plus belles performances \u00e0 la fois artistiques et techniques de la dance. Les voici dans le clip extrait du film Hellzapoppin&rsquo; sorti en 1941&nbsp;:<\/p>\n\n\n\n<figure class=\"wp-block-embed is-type-video is-provider-youtube wp-block-embed-youtube wp-embed-aspect-4-3 wp-has-aspect-ratio\"><div class=\"wp-block-embed__wrapper\">\n<iframe title=\"Hellzapoppin&#039; in full color |\u00a0Colorized with DeOldify\" width=\"500\" height=\"375\" src=\"https:\/\/www.youtube.com\/embed\/qzc7vY9VTnk?feature=oembed\" frameborder=\"0\" allow=\"accelerometer; autoplay; clipboard-write; encrypted-media; gyroscope; picture-in-picture; web-share\" referrerpolicy=\"strict-origin-when-cross-origin\" allowfullscreen><\/iframe>\n<\/div><\/figure>\n\n\n\n<p>Notre prof Miles est passionn\u00e9 de danse pratique le lindy hop depuis plus de 20 ans. Voici un souvenir en compagnie de <a href=\"https:\/\/about.me\/angela_andrew\">Angela Andrew<\/a> dans le c\u00e9l\u00e8bre Caveau de la Huchette \u00e0 Paris\u00a0:<\/p>\n\n\n\n<figure class=\"wp-block-embed is-type-video is-provider-youtube wp-block-embed-youtube wp-embed-aspect-16-9 wp-has-aspect-ratio\"><div class=\"wp-block-embed__wrapper\">\n<iframe title=\"Angela &amp; Miles - Down to the Count - Caveau de la Huchette\" width=\"500\" height=\"281\" src=\"https:\/\/www.youtube.com\/embed\/hAIkyQZGOHY?feature=oembed\" frameborder=\"0\" allow=\"accelerometer; autoplay; clipboard-write; encrypted-media; gyroscope; picture-in-picture; web-share\" referrerpolicy=\"strict-origin-when-cross-origin\" allowfullscreen><\/iframe>\n<\/div><\/figure>\n","protected":false},"excerpt":{"rendered":"<p>Le Lindy Hop est la danse swing en couple par excellence de l\u2019\u00e8re swing. C\u2019est une danse populaire n\u00e9e dans le contexte de la \u00ab&nbsp;Harlem Renaissance&nbsp;\u00bb, mouvement de renouveau intellectuel [&hellip;]<\/p>\n","protected":false},"author":1,"featured_media":0,"parent":99,"menu_order":1,"comment_status":"closed","ping_status":"closed","template":"","meta":{"footnotes":""},"_links":{"self":[{"href":"https:\/\/sites.pocexpress.eu\/swingisthething\/wp-json\/wp\/v2\/pages\/111"}],"collection":[{"href":"https:\/\/sites.pocexpress.eu\/swingisthething\/wp-json\/wp\/v2\/pages"}],"about":[{"href":"https:\/\/sites.pocexpress.eu\/swingisthething\/wp-json\/wp\/v2\/types\/page"}],"author":[{"embeddable":true,"href":"https:\/\/sites.pocexpress.eu\/swingisthething\/wp-json\/wp\/v2\/users\/1"}],"replies":[{"embeddable":true,"href":"https:\/\/sites.pocexpress.eu\/swingisthething\/wp-json\/wp\/v2\/comments?post=111"}],"version-history":[{"count":5,"href":"https:\/\/sites.pocexpress.eu\/swingisthething\/wp-json\/wp\/v2\/pages\/111\/revisions"}],"predecessor-version":[{"id":274,"href":"https:\/\/sites.pocexpress.eu\/swingisthething\/wp-json\/wp\/v2\/pages\/111\/revisions\/274"}],"up":[{"embeddable":true,"href":"https:\/\/sites.pocexpress.eu\/swingisthething\/wp-json\/wp\/v2\/pages\/99"}],"wp:attachment":[{"href":"https:\/\/sites.pocexpress.eu\/swingisthething\/wp-json\/wp\/v2\/media?parent=111"}],"curies":[{"name":"wp","href":"https:\/\/api.w.org\/{rel}","templated":true}]}}