{"id":114,"date":"2024-08-10T21:24:22","date_gmt":"2024-08-10T19:24:22","guid":{"rendered":"https:\/\/sites.pocexpress.eu\/swingisthething\/?page_id=114"},"modified":"2025-09-02T23:34:06","modified_gmt":"2025-09-02T21:34:06","slug":"solo-jazz","status":"publish","type":"page","link":"https:\/\/sites.pocexpress.eu\/swingisthething\/danses-swing\/solo-jazz\/","title":{"rendered":"Solo Jazz"},"content":{"rendered":"\n<p>Encore appel\u00e9 <strong>vernacular jazz<\/strong>, ou <strong>authentic jazz<\/strong>, ou encore <strong>jazz-roots<\/strong>, ce terme d\u00e9signe les danses afro-am\u00e9ricaines solo contemporaines du <strong>lindy hop<\/strong>. Les influences principales sont les<strong> danses africaines<\/strong>, le <strong>tap dance<\/strong> (claquettes) et le <strong>charleston<\/strong>.<\/p>\n\n\n\n<p>Une des routines les plus c\u00e9l\u00e8bres est le Big Apple avec la troupe des <a href=\"https:\/\/www.frankiemanningfoundation.org\/whitey-s-lindy-hoppers\">Whitey\u2019s Lindy Hoppers<\/a> :<\/p>\n\n\n\n<figure class=\"wp-block-embed aligncenter is-type-video is-provider-youtube wp-block-embed-youtube wp-embed-aspect-4-3 wp-has-aspect-ratio\"><div class=\"wp-block-embed__wrapper\">\n<iframe title=\"The Big Apple \/ Keep Punching (1939) in full color | Colorized with DeOldify\" width=\"500\" height=\"375\" src=\"https:\/\/www.youtube.com\/embed\/H1K5M5xluZs?feature=oembed\" frameborder=\"0\" allow=\"accelerometer; autoplay; clipboard-write; encrypted-media; gyroscope; picture-in-picture; web-share\" referrerpolicy=\"strict-origin-when-cross-origin\" allowfullscreen><\/iframe>\n<\/div><\/figure>\n\n\n\n<p>L\u2019\u00e9quipe de Swing is the thing vous propose ici son interpr\u00e9tation de la fameuse routine du <strong>Tranky Doo<\/strong>&nbsp;:<\/p>\n\n\n\n<figure class=\"wp-block-embed aligncenter is-type-video is-provider-youtube wp-block-embed-youtube wp-embed-aspect-16-9 wp-has-aspect-ratio\"><div class=\"wp-block-embed__wrapper\">\n<iframe title=\"Swing Is The Thing Tranky Doo\" width=\"500\" height=\"281\" src=\"https:\/\/www.youtube.com\/embed\/bTbTh9a-gD8?feature=oembed\" frameborder=\"0\" allow=\"accelerometer; autoplay; clipboard-write; encrypted-media; gyroscope; picture-in-picture; web-share\" referrerpolicy=\"strict-origin-when-cross-origin\" allowfullscreen><\/iframe>\n<\/div><\/figure>\n\n\n\n<p><strong>Envie d&rsquo;apprendre \u00e0 danser le Solo Jazz ? Rejoignez nos <a href=\"https:\/\/sites.pocexpress.eu\/swingisthething\/cours\/cours-solo-jazz\/\">cours hebdomadaires<\/a>.<\/strong><\/p>\n","protected":false},"excerpt":{"rendered":"<p>Encore appel\u00e9 vernacular jazz, ou authentic jazz, ou encore jazz-roots, ce terme d\u00e9signe les danses afro-am\u00e9ricaines solo contemporaines du lindy hop. Les influences principales sont les danses africaines, le tap [&hellip;]<\/p>\n","protected":false},"author":1,"featured_media":0,"parent":99,"menu_order":0,"comment_status":"closed","ping_status":"closed","template":"","meta":{"footnotes":""},"_links":{"self":[{"href":"https:\/\/sites.pocexpress.eu\/swingisthething\/wp-json\/wp\/v2\/pages\/114"}],"collection":[{"href":"https:\/\/sites.pocexpress.eu\/swingisthething\/wp-json\/wp\/v2\/pages"}],"about":[{"href":"https:\/\/sites.pocexpress.eu\/swingisthething\/wp-json\/wp\/v2\/types\/page"}],"author":[{"embeddable":true,"href":"https:\/\/sites.pocexpress.eu\/swingisthething\/wp-json\/wp\/v2\/users\/1"}],"replies":[{"embeddable":true,"href":"https:\/\/sites.pocexpress.eu\/swingisthething\/wp-json\/wp\/v2\/comments?post=114"}],"version-history":[{"count":5,"href":"https:\/\/sites.pocexpress.eu\/swingisthething\/wp-json\/wp\/v2\/pages\/114\/revisions"}],"predecessor-version":[{"id":425,"href":"https:\/\/sites.pocexpress.eu\/swingisthething\/wp-json\/wp\/v2\/pages\/114\/revisions\/425"}],"up":[{"embeddable":true,"href":"https:\/\/sites.pocexpress.eu\/swingisthething\/wp-json\/wp\/v2\/pages\/99"}],"wp:attachment":[{"href":"https:\/\/sites.pocexpress.eu\/swingisthething\/wp-json\/wp\/v2\/media?parent=114"}],"curies":[{"name":"wp","href":"https:\/\/api.w.org\/{rel}","templated":true}]}}