{"id":41,"date":"2024-08-10T10:19:46","date_gmt":"2024-08-10T08:19:46","guid":{"rendered":"https:\/\/sites.pocexpress.eu\/swingisthething\/?page_id=41"},"modified":"2024-09-06T01:44:20","modified_gmt":"2024-09-05T23:44:20","slug":"coups-de-coeurs","status":"publish","type":"page","link":"https:\/\/sites.pocexpress.eu\/swingisthething\/coups-de-coeurs\/","title":{"rendered":"Coups de c\u0153ur"},"content":{"rendered":"\n<p>Merci au <a href=\"https:\/\/blacklindyhoppersfund.org\/\"><strong>Black Lindy Hoppers Fund<\/strong><\/a> pour son soutien qui a permis la r\u00e9alisation de ce site et pour le d\u00e9veloppement des activit\u00e9s de SITT.<\/p>\n\n\n\n<p>La radio <strong><a href=\"https:\/\/www.tsfjazz.com\/\">TSF JAZZ<\/a> <\/strong>qui nous fait \u00e9couter tous les jazz, permettant \u00e0 travers ses \u00e9missions de d\u00e9couvrir des artistes et se familiariser avec les musiques.<\/p>\n","protected":false},"excerpt":{"rendered":"<p>Merci au Black Lindy Hoppers Fund pour son soutien qui a permis la r\u00e9alisation de ce site et pour le d\u00e9veloppement des activit\u00e9s de SITT. La radio TSF JAZZ qui [&hellip;]<\/p>\n","protected":false},"author":1,"featured_media":0,"parent":0,"menu_order":0,"comment_status":"closed","ping_status":"closed","template":"","meta":{"footnotes":""},"_links":{"self":[{"href":"https:\/\/sites.pocexpress.eu\/swingisthething\/wp-json\/wp\/v2\/pages\/41"}],"collection":[{"href":"https:\/\/sites.pocexpress.eu\/swingisthething\/wp-json\/wp\/v2\/pages"}],"about":[{"href":"https:\/\/sites.pocexpress.eu\/swingisthething\/wp-json\/wp\/v2\/types\/page"}],"author":[{"embeddable":true,"href":"https:\/\/sites.pocexpress.eu\/swingisthething\/wp-json\/wp\/v2\/users\/1"}],"replies":[{"embeddable":true,"href":"https:\/\/sites.pocexpress.eu\/swingisthething\/wp-json\/wp\/v2\/comments?post=41"}],"version-history":[{"count":5,"href":"https:\/\/sites.pocexpress.eu\/swingisthething\/wp-json\/wp\/v2\/pages\/41\/revisions"}],"predecessor-version":[{"id":245,"href":"https:\/\/sites.pocexpress.eu\/swingisthething\/wp-json\/wp\/v2\/pages\/41\/revisions\/245"}],"wp:attachment":[{"href":"https:\/\/sites.pocexpress.eu\/swingisthething\/wp-json\/wp\/v2\/media?parent=41"}],"curies":[{"name":"wp","href":"https:\/\/api.w.org\/{rel}","templated":true}]}}